{"id":357,"date":"2024-09-26T18:56:44","date_gmt":"2024-09-26T16:56:44","guid":{"rendered":"https:\/\/fermesleader.invivo.app\/?page_id=357"},"modified":"2025-09-09T10:46:02","modified_gmt":"2025-09-09T08:46:02","slug":"webinaires","status":"publish","type":"page","link":"https:\/\/fermesleader.invivo.app\/fr\/ressources\/webinaires\/","title":{"rendered":"Webinaires"},"content":{"rendered":"\t\t<div data-elementor-type=\"wp-page\" data-elementor-id=\"357\" class=\"elementor elementor-357\" data-elementor-post-type=\"page\">\n\t\t\t\t<div data-particle_enable=\"false\" data-particle-mobile-disabled=\"false\" class=\"elementor-element elementor-element-ad551d8 e-flex e-con-boxed e-con e-parent\" data-id=\"ad551d8\" data-element_type=\"container\" data-e-type=\"container\" id=\"content\">\n\t\t\t\t\t<div class=\"e-con-inner\">\n\t\t\t\t<div class=\"elementor-element elementor-element-93fdca6 elementor-grid-3 elementor-grid-tablet-2 elementor-grid-mobile-1 elementor-posts--thumbnail-top elementor-widget elementor-widget-posts\" data-id=\"93fdca6\" data-element_type=\"widget\" data-e-type=\"widget\" data-settings=\"{&quot;pagination_type&quot;:&quot;numbers_and_prev_next&quot;,&quot;classic_columns&quot;:&quot;3&quot;,&quot;classic_columns_tablet&quot;:&quot;2&quot;,&quot;classic_columns_mobile&quot;:&quot;1&quot;,&quot;classic_row_gap&quot;:{&quot;unit&quot;:&quot;px&quot;,&quot;size&quot;:35,&quot;sizes&quot;:[]},&quot;classic_row_gap_tablet&quot;:{&quot;unit&quot;:&quot;px&quot;,&quot;size&quot;:&quot;&quot;,&quot;sizes&quot;:[]},&quot;classic_row_gap_mobile&quot;:{&quot;unit&quot;:&quot;px&quot;,&quot;size&quot;:&quot;&quot;,&quot;sizes&quot;:[]}}\" data-widget_type=\"posts.classic\">\n\t\t\t\t<div class=\"elementor-widget-container\">\n\t\t\t\t\t\t\t<div class=\"elementor-posts-container elementor-posts elementor-posts--skin-classic elementor-grid\" role=\"list\">\n\t\t\t\t<article class=\"elementor-post elementor-grid-item post-3032 post type-post status-publish format-standard has-post-thumbnail hentry category-webinaires tag-agtech\" role=\"listitem\">\n\t\t\t\t<a class=\"elementor-post__thumbnail__link\" href=\"https:\/\/fermesleader.invivo.app\/fr\/lagtech-au-service-du-monde-agricole-et-agroalimentaire-notre-retour-dexperience\/\" tabindex=\"-1\" >\n\t\t\t<div class=\"elementor-post__thumbnail\"><img fetchpriority=\"high\" decoding=\"async\" width=\"768\" height=\"512\" src=\"https:\/\/fermesleader.invivo.app\/wp-content\/uploads\/2024\/12\/pexels-b-o-minh-1883288-21364323-2-min-768x512.jpg\" class=\"attachment-medium_large size-medium_large wp-image-2803\" alt=\"drone agtech champs\" srcset=\"https:\/\/fermesleader.invivo.app\/wp-content\/uploads\/2024\/12\/pexels-b-o-minh-1883288-21364323-2-min-768x512.jpg 768w, https:\/\/fermesleader.invivo.app\/wp-content\/uploads\/2024\/12\/pexels-b-o-minh-1883288-21364323-2-min-300x200.jpg 300w, https:\/\/fermesleader.invivo.app\/wp-content\/uploads\/2024\/12\/pexels-b-o-minh-1883288-21364323-2-min-1024x683.jpg 1024w, https:\/\/fermesleader.invivo.app\/wp-content\/uploads\/2024\/12\/pexels-b-o-minh-1883288-21364323-2-min-1536x1024.jpg 1536w, https:\/\/fermesleader.invivo.app\/wp-content\/uploads\/2024\/12\/pexels-b-o-minh-1883288-21364323-2-min.jpg 1920w\" sizes=\"(max-width: 768px) 100vw, 768px\" \/><\/div>\n\t\t<\/a>\n\t\t\t\t<div class=\"elementor-post__text\">\n\t\t\t\t<h3 class=\"elementor-post__title\">\n\t\t\t<a href=\"https:\/\/fermesleader.invivo.app\/fr\/lagtech-au-service-du-monde-agricole-et-agroalimentaire-notre-retour-dexperience\/\" >\n\t\t\t\tL&rsquo;AgTech au service du monde agricole et agroalimentaire : notre retour d&rsquo;exp\u00e9rience\t\t\t<\/a>\n\t\t<\/h3>\n\t\t\t\t<div class=\"elementor-post__meta-data\">\n\t\t\t\t\t<span class=\"elementor-post-date\">\n\t\t\t19 f\u00e9vrier 2025\t\t<\/span>\n\t\t\t\t<\/div>\n\t\t\t\t<\/div>\n\t\t\t\t<\/article>\n\t\t\t\t<article class=\"elementor-post elementor-grid-item post-919 post type-post status-publish format-standard has-post-thumbnail hentry category-webinaires tag-sante-des-sols\" role=\"listitem\">\n\t\t\t\t<a class=\"elementor-post__thumbnail__link\" href=\"https:\/\/fermesleader.invivo.app\/fr\/titre-article-de-webinaire\/\" tabindex=\"-1\" >\n\t\t\t<div class=\"elementor-post__thumbnail\"><img decoding=\"async\" width=\"768\" height=\"578\" src=\"https:\/\/fermesleader.invivo.app\/wp-content\/uploads\/2024\/10\/u7196335995_A_highly_detailed_picture_of_soil_showing._the_so_1d448ab1-85c1-4894-8532-a72ef4feafad_0-768x578.png\" class=\"attachment-medium_large size-medium_large wp-image-3030\" alt=\"sant\u00e9 des sols\" srcset=\"https:\/\/fermesleader.invivo.app\/wp-content\/uploads\/2024\/10\/u7196335995_A_highly_detailed_picture_of_soil_showing._the_so_1d448ab1-85c1-4894-8532-a72ef4feafad_0-768x578.png 768w, https:\/\/fermesleader.invivo.app\/wp-content\/uploads\/2024\/10\/u7196335995_A_highly_detailed_picture_of_soil_showing._the_so_1d448ab1-85c1-4894-8532-a72ef4feafad_0-300x226.png 300w, https:\/\/fermesleader.invivo.app\/wp-content\/uploads\/2024\/10\/u7196335995_A_highly_detailed_picture_of_soil_showing._the_so_1d448ab1-85c1-4894-8532-a72ef4feafad_0-1024x771.png 1024w, https:\/\/fermesleader.invivo.app\/wp-content\/uploads\/2024\/10\/u7196335995_A_highly_detailed_picture_of_soil_showing._the_so_1d448ab1-85c1-4894-8532-a72ef4feafad_0.png 1232w\" sizes=\"(max-width: 768px) 100vw, 768px\" \/><\/div>\n\t\t<\/a>\n\t\t\t\t<div class=\"elementor-post__text\">\n\t\t\t\t<h3 class=\"elementor-post__title\">\n\t\t\t<a href=\"https:\/\/fermesleader.invivo.app\/fr\/titre-article-de-webinaire\/\" >\n\t\t\t\tLes sols, une composante essentielle de l&rsquo;agriculture r\u00e9g\u00e9n\u00e9ratrice\t\t\t<\/a>\n\t\t<\/h3>\n\t\t\t\t<div class=\"elementor-post__meta-data\">\n\t\t\t\t\t<span class=\"elementor-post-date\">\n\t\t\t9 octobre 2024\t\t<\/span>\n\t\t\t\t<\/div>\n\t\t\t\t<\/div>\n\t\t\t\t<\/article>\n\t\t\t\t<\/div>\n\t\t\n\t\t\t\t\t\t<\/div>\n\t\t\t\t<\/div>\n\t\t\t\t\t<\/div>\n\t\t\t\t<\/div>\n\t\t\t\t<\/div>\n\t\t","protected":false},"excerpt":{"rendered":"","protected":false},"author":3,"featured_media":1558,"parent":165,"menu_order":0,"comment_status":"closed","ping_status":"closed","template":"","meta":{"footnotes":""},"class_list":["post-357","page","type-page","status-publish","has-post-thumbnail","hentry"],"_links":{"self":[{"href":"https:\/\/fermesleader.invivo.app\/fr\/wp-json\/wp\/v2\/pages\/357","targetHints":{"allow":["GET"]}}],"collection":[{"href":"https:\/\/fermesleader.invivo.app\/fr\/wp-json\/wp\/v2\/pages"}],"about":[{"href":"https:\/\/fermesleader.invivo.app\/fr\/wp-json\/wp\/v2\/types\/page"}],"author":[{"embeddable":true,"href":"https:\/\/fermesleader.invivo.app\/fr\/wp-json\/wp\/v2\/users\/3"}],"replies":[{"embeddable":true,"href":"https:\/\/fermesleader.invivo.app\/fr\/wp-json\/wp\/v2\/comments?post=357"}],"version-history":[{"count":0,"href":"https:\/\/fermesleader.invivo.app\/fr\/wp-json\/wp\/v2\/pages\/357\/revisions"}],"up":[{"embeddable":true,"href":"https:\/\/fermesleader.invivo.app\/fr\/wp-json\/wp\/v2\/pages\/165"}],"wp:featuredmedia":[{"embeddable":true,"href":"https:\/\/fermesleader.invivo.app\/fr\/wp-json\/wp\/v2\/media\/1558"}],"wp:attachment":[{"href":"https:\/\/fermesleader.invivo.app\/fr\/wp-json\/wp\/v2\/media?parent=357"}],"curies":[{"name":"wp","href":"https:\/\/api.w.org\/{rel}","templated":true}]}}