{"id":353,"date":"2024-09-26T18:56:13","date_gmt":"2024-09-26T16:56:13","guid":{"rendered":"https:\/\/fermesleader.invivo.app\/?page_id=353"},"modified":"2025-09-09T10:28:13","modified_gmt":"2025-09-09T08:28:13","slug":"blog","status":"publish","type":"page","link":"https:\/\/fermesleader.invivo.app\/fr\/ressources\/blog\/","title":{"rendered":"Blog"},"content":{"rendered":"\t\t<div data-elementor-type=\"wp-page\" data-elementor-id=\"353\" class=\"elementor elementor-353\" data-elementor-post-type=\"page\">\n\t\t\t\t<div data-particle_enable=\"false\" data-particle-mobile-disabled=\"false\" class=\"elementor-element elementor-element-ca1e067 e-flex e-con-boxed e-con e-parent\" data-id=\"ca1e067\" data-element_type=\"container\" data-e-type=\"container\">\n\t\t\t\t\t<div class=\"e-con-inner\">\n\t\t<div data-particle_enable=\"false\" data-particle-mobile-disabled=\"false\" class=\"elementor-element elementor-element-5767509 e-con-full e-flex e-con e-child\" data-id=\"5767509\" data-element_type=\"container\" data-e-type=\"container\">\n\t\t\t\t<div class=\"elementor-element elementor-element-6057901 elementor-widget elementor-widget-eael-advanced-search\" data-id=\"6057901\" data-element_type=\"widget\" data-e-type=\"widget\" data-widget_type=\"eael-advanced-search.default\">\n\t\t\t\t<div class=\"elementor-widget-container\">\n\t\t\t\t\t        <div class=\"eael-adv-search-wrapper\">\n            <div id=\"eael-advanced-search-widget-6057901\" class=\"eael-advanced-search-widget\">\n                <form data-settings=\"{&quot;post_per_page&quot;:10,&quot;search_among_taxonomies&quot;:&quot;no&quot;,&quot;search_among_sku&quot;:&quot;no&quot;,&quot;show_popular_keyword&quot;:0,&quot;show_category&quot;:0,&quot;show_content_image&quot;:1,&quot;show_search_result_all_results&quot;:0,&quot;result_on_new_tab&quot;:&quot;no&quot;,&quot;show_product_price&quot;:&quot;&quot;,&quot;include_current_page&quot;:&quot;no&quot;,&quot;current_post_id&quot;:353,&quot;post_type&quot;:[&quot;post&quot;]}\" method=\"POST\" name=\"eael-advanced-search-form-6057901\" class=\"eael-advanced-search-form eael-advanced-search-form-style-2\">\n                    <div class=\"eael-advanced-search-wrap\">\n                        <span class=\"eael-adv-search-loader\"><\/span>\n                        <span class=\"eael-adv-search-close\"><i class=\"fas fa-times\"><\/i><\/span>\n                        <span class=\"icon \"><i class=\"fas fa-search\"><\/i><\/span>\n\n                        <input type=\"text\"\n                               placeholder=\"Saisir ici...\"\n                               class=\"eael-advanced-search\" autocomplete=\"off\" name=\"eael_advanced_search\">\n                    <\/div>\n\t\t\t\t\t                                            <button class=\"eael-advanced-search-button\">Rechercher<\/button>\n                                    <\/form>\n\n\t\t\t\t\n\t\t\t\t        <div class=\"eael-advanced-search-result\">\n            <div class=\"eael-advanced-search-popular-keyword\">\n\t\t\t\t<div class=\"eael-advanced-search-popular-keyword-text\">Mot cl\u00e9s populaires<\/div>                <div class=\"eael-popular-keyword-content\"><\/div>\n            <\/div>\n            <div class=\"eael-advanced-search-category\">\n\t\t\t\t<h4 class=\"eael-advanced-search-category-text\">Cat\u00e9gories<\/h4>                <div class=\"eael-popular-category-content\"><\/div>\n            <\/div>\n\t\t\t<div class=\"eael-advanced-search-total-results-section\">\n\t\t\t\t\t\t\t<\/div>\n            <div class=\"eael-advanced-search-content eael-item-style-1\">\n            <\/div>\n            <div class=\"eael-advanced-search-not-found\">\n                <p>Aucun r\u00e9sultat trouv\u00e9<\/p><\/div>\n            <div class=\"eael-advanced-search-load-more\">\n\t\t\t\t<a \tclass=\"eael-advanced-search-load-more-button\"\n                \thref=\"#\">Voir tous les r\u00e9sultats<\/a>\n            <\/div>\n        <\/div>\n\n\t\t <!-- Already escaped -->\n            <\/div>\n        <\/div>\n\n\t\t\t\t\t\t<\/div>\n\t\t\t\t<\/div>\n\t\t\t\t<\/div>\n\t\t\t\t\t<\/div>\n\t\t\t\t<\/div>\n\t\t<div data-particle_enable=\"false\" data-particle-mobile-disabled=\"false\" class=\"elementor-element elementor-element-77a8b66 e-con-full e-flex e-con e-parent\" data-id=\"77a8b66\" data-element_type=\"container\" data-e-type=\"container\" id=\"content\">\n\t\t<div data-particle_enable=\"false\" data-particle-mobile-disabled=\"false\" class=\"elementor-element elementor-element-abe4536 e-flex e-con-boxed e-con e-child\" data-id=\"abe4536\" data-element_type=\"container\" data-e-type=\"container\">\n\t\t\t\t\t<div class=\"e-con-inner\">\n\t\t\t\t<div class=\"elementor-element elementor-element-5953a41 elementor-grid-3 elementor-grid-tablet-2 elementor-grid-mobile-1 elementor-posts--thumbnail-top elementor-widget elementor-widget-posts\" data-id=\"5953a41\" data-element_type=\"widget\" data-e-type=\"widget\" data-settings=\"{&quot;pagination_type&quot;:&quot;numbers_and_prev_next&quot;,&quot;classic_columns&quot;:&quot;3&quot;,&quot;classic_columns_tablet&quot;:&quot;2&quot;,&quot;classic_columns_mobile&quot;:&quot;1&quot;,&quot;classic_row_gap&quot;:{&quot;unit&quot;:&quot;px&quot;,&quot;size&quot;:35,&quot;sizes&quot;:[]},&quot;classic_row_gap_tablet&quot;:{&quot;unit&quot;:&quot;px&quot;,&quot;size&quot;:&quot;&quot;,&quot;sizes&quot;:[]},&quot;classic_row_gap_mobile&quot;:{&quot;unit&quot;:&quot;px&quot;,&quot;size&quot;:&quot;&quot;,&quot;sizes&quot;:[]}}\" data-widget_type=\"posts.classic\">\n\t\t\t\t<div class=\"elementor-widget-container\">\n\t\t\t\t\t\t\t<div class=\"elementor-posts-container elementor-posts elementor-posts--skin-classic elementor-grid\" role=\"list\">\n\t\t\t\t<article class=\"elementor-post elementor-grid-item post-3991 post type-post status-publish format-standard has-post-thumbnail hentry category-blog\" role=\"listitem\">\n\t\t\t\t<a class=\"elementor-post__thumbnail__link\" href=\"https:\/\/fermesleader.invivo.app\/investissements-foodtech-agritech-2025\/\" tabindex=\"-1\">\n\t\t\t<div class=\"elementor-post__thumbnail\"><img fetchpriority=\"high\" decoding=\"async\" width=\"768\" height=\"462\" src=\"https:\/\/fermesleader.invivo.app\/wp-content\/uploads\/2025\/11\/Image-articles-12-768x462.png\" class=\"attachment-medium_large size-medium_large wp-image-4008\" alt=\"investissements foodtech et agritech\" srcset=\"https:\/\/fermesleader.invivo.app\/wp-content\/uploads\/2025\/11\/Image-articles-12-768x462.png 768w, https:\/\/fermesleader.invivo.app\/wp-content\/uploads\/2025\/11\/Image-articles-12-300x181.png 300w, https:\/\/fermesleader.invivo.app\/wp-content\/uploads\/2025\/11\/Image-articles-12-1024x617.png 1024w, https:\/\/fermesleader.invivo.app\/wp-content\/uploads\/2025\/11\/Image-articles-12.png 1063w\" sizes=\"(max-width: 768px) 100vw, 768px\" \/><\/div>\n\t\t<\/a>\n\t\t\t\t<div class=\"elementor-post__text\">\n\t\t\t\t<h3 class=\"elementor-post__title\">\n\t\t\t<a href=\"https:\/\/fermesleader.invivo.app\/investissements-foodtech-agritech-2025\/\">\n\t\t\t\tFoodTech et AgriTech : nouvelle baisse des investissements en 2025, vers une stabilisation en 2026 ?\t\t\t<\/a>\n\t\t<\/h3>\n\t\t\t\t<div class=\"elementor-post__meta-data\">\n\t\t\t\t\t<span class=\"elementor-post-date\">\n\t\t\t10 novembre 2025\t\t<\/span>\n\t\t\t\t<\/div>\n\t\t\t\t<div class=\"elementor-post__excerpt\">\n\t\t\t<p>Apr\u00e8s plusieurs ann\u00e9es de croissance rapide, le secteur de la<\/p>\n\t\t<\/div>\n\t\t\t\t<\/div>\n\t\t\t\t<\/article>\n\t\t\t\t<article class=\"elementor-post elementor-grid-item post-3839 post type-post status-publish format-standard has-post-thumbnail hentry category-blog\" role=\"listitem\">\n\t\t\t\t<a class=\"elementor-post__thumbnail__link\" href=\"https:\/\/fermesleader.invivo.app\/buses-antiderive-reglementation-retour-terrain\/\" tabindex=\"-1\">\n\t\t\t<div class=\"elementor-post__thumbnail\"><img decoding=\"async\" width=\"768\" height=\"512\" src=\"https:\/\/fermesleader.invivo.app\/wp-content\/uploads\/2025\/09\/DSC_6528-768x512.jpg\" class=\"attachment-medium_large size-medium_large wp-image-3843\" alt=\"Buses antid\u00e9rive 90% Syngenta\" srcset=\"https:\/\/fermesleader.invivo.app\/wp-content\/uploads\/2025\/09\/DSC_6528-768x512.jpg 768w, https:\/\/fermesleader.invivo.app\/wp-content\/uploads\/2025\/09\/DSC_6528-300x200.jpg 300w, https:\/\/fermesleader.invivo.app\/wp-content\/uploads\/2025\/09\/DSC_6528-1024x683.jpg 1024w, https:\/\/fermesleader.invivo.app\/wp-content\/uploads\/2025\/09\/DSC_6528-1536x1024.jpg 1536w, https:\/\/fermesleader.invivo.app\/wp-content\/uploads\/2025\/09\/DSC_6528-2048x1365.jpg 2048w\" sizes=\"(max-width: 768px) 100vw, 768px\" \/><\/div>\n\t\t<\/a>\n\t\t\t\t<div class=\"elementor-post__text\">\n\t\t\t\t<h3 class=\"elementor-post__title\">\n\t\t\t<a href=\"https:\/\/fermesleader.invivo.app\/buses-antiderive-reglementation-retour-terrain\/\">\n\t\t\t\tBuses antid\u00e9rive 90% : r\u00e9glementation, pratiques et t\u00e9moignages d\u2019agriculteurs\t\t\t<\/a>\n\t\t<\/h3>\n\t\t\t\t<div class=\"elementor-post__meta-data\">\n\t\t\t\t\t<span class=\"elementor-post-date\">\n\t\t\t1 octobre 2025\t\t<\/span>\n\t\t\t\t<\/div>\n\t\t\t\t<div class=\"elementor-post__excerpt\">\n\t\t\t<p>Buses antid\u00e9rive 90% : outil essentiel pour une pulv\u00e9risation responsable<\/p>\n\t\t<\/div>\n\t\t\t\t<\/div>\n\t\t\t\t<\/article>\n\t\t\t\t<article class=\"elementor-post elementor-grid-item post-3721 post type-post status-publish format-standard has-post-thumbnail hentry category-blog\" role=\"listitem\">\n\t\t\t\t<a class=\"elementor-post__thumbnail__link\" href=\"https:\/\/fermesleader.invivo.app\/bandes-fleuries-pollinisateurs-cocobees\/\" tabindex=\"-1\">\n\t\t\t<div class=\"elementor-post__thumbnail\"><img decoding=\"async\" width=\"768\" height=\"462\" src=\"https:\/\/fermesleader.invivo.app\/wp-content\/uploads\/2025\/08\/Image-articles-6-768x462.png\" class=\"attachment-medium_large size-medium_large wp-image-3728\" alt=\"biodiversit\u00e9 bandes fleuries\" srcset=\"https:\/\/fermesleader.invivo.app\/wp-content\/uploads\/2025\/08\/Image-articles-6-768x462.png 768w, https:\/\/fermesleader.invivo.app\/wp-content\/uploads\/2025\/08\/Image-articles-6-300x181.png 300w, https:\/\/fermesleader.invivo.app\/wp-content\/uploads\/2025\/08\/Image-articles-6-1024x617.png 1024w, https:\/\/fermesleader.invivo.app\/wp-content\/uploads\/2025\/08\/Image-articles-6.png 1063w\" sizes=\"(max-width: 768px) 100vw, 768px\" \/><\/div>\n\t\t<\/a>\n\t\t\t\t<div class=\"elementor-post__text\">\n\t\t\t\t<h3 class=\"elementor-post__title\">\n\t\t\t<a href=\"https:\/\/fermesleader.invivo.app\/bandes-fleuries-pollinisateurs-cocobees\/\">\n\t\t\t\tCocobees : prot\u00e9ger les pollinisateurs gr\u00e2ce aux bandes fleuries\t\t\t<\/a>\n\t\t<\/h3>\n\t\t\t\t<div class=\"elementor-post__meta-data\">\n\t\t\t\t\t<span class=\"elementor-post-date\">\n\t\t\t12 ao\u00fbt 2025\t\t<\/span>\n\t\t\t\t<\/div>\n\t\t\t\t<div class=\"elementor-post__excerpt\">\n\t\t\t<p>Le projet Cocobees vise \u00e0 favoriser les \u00e9changes entre agriculteurs<\/p>\n\t\t<\/div>\n\t\t\t\t<\/div>\n\t\t\t\t<\/article>\n\t\t\t\t<article class=\"elementor-post elementor-grid-item post-3669 post type-post status-publish format-standard has-post-thumbnail hentry category-blog\" role=\"listitem\">\n\t\t\t\t<a class=\"elementor-post__thumbnail__link\" href=\"https:\/\/fermesleader.invivo.app\/securite-travail-agriculture-surus-connect\/\" tabindex=\"-1\">\n\t\t\t<div class=\"elementor-post__thumbnail\"><img loading=\"lazy\" decoding=\"async\" width=\"768\" height=\"462\" src=\"https:\/\/fermesleader.invivo.app\/wp-content\/uploads\/2025\/07\/Image-articles-2-768x462.png\" class=\"attachment-medium_large size-medium_large wp-image-3691\" alt=\"solution accidentologie surus connect\" srcset=\"https:\/\/fermesleader.invivo.app\/wp-content\/uploads\/2025\/07\/Image-articles-2-768x462.png 768w, https:\/\/fermesleader.invivo.app\/wp-content\/uploads\/2025\/07\/Image-articles-2-300x181.png 300w, https:\/\/fermesleader.invivo.app\/wp-content\/uploads\/2025\/07\/Image-articles-2-1024x617.png 1024w, https:\/\/fermesleader.invivo.app\/wp-content\/uploads\/2025\/07\/Image-articles-2.png 1063w\" sizes=\"(max-width: 768px) 100vw, 768px\" \/><\/div>\n\t\t<\/a>\n\t\t\t\t<div class=\"elementor-post__text\">\n\t\t\t\t<h3 class=\"elementor-post__title\">\n\t\t\t<a href=\"https:\/\/fermesleader.invivo.app\/securite-travail-agriculture-surus-connect\/\">\n\t\t\t\tAccidentologie en agriculture : des solutions innovantes pour am\u00e9liorer la sant\u00e9 et la s\u00e9curit\u00e9 au travail\t\t\t<\/a>\n\t\t<\/h3>\n\t\t\t\t<div class=\"elementor-post__meta-data\">\n\t\t\t\t\t<span class=\"elementor-post-date\">\n\t\t\t29 juillet 2025\t\t<\/span>\n\t\t\t\t<\/div>\n\t\t\t\t<div class=\"elementor-post__excerpt\">\n\t\t\t<p>Le secteur agricole reste l\u2019un des plus expos\u00e9s aux accidents<\/p>\n\t\t<\/div>\n\t\t\t\t<\/div>\n\t\t\t\t<\/article>\n\t\t\t\t<article class=\"elementor-post elementor-grid-item post-3637 post type-post status-publish format-standard has-post-thumbnail hentry category-blog\" role=\"listitem\">\n\t\t\t\t<a class=\"elementor-post__thumbnail__link\" href=\"https:\/\/fermesleader.invivo.app\/optimiser-pulverisation-magrowtec\/\" tabindex=\"-1\">\n\t\t\t<div class=\"elementor-post__thumbnail\"><img loading=\"lazy\" decoding=\"async\" width=\"587\" height=\"389\" src=\"https:\/\/fermesleader.invivo.app\/wp-content\/uploads\/2025\/07\/Image3.png\" class=\"attachment-medium_large size-medium_large wp-image-3639\" alt=\"solution agritech magrowtec\" srcset=\"https:\/\/fermesleader.invivo.app\/wp-content\/uploads\/2025\/07\/Image3.png 587w, https:\/\/fermesleader.invivo.app\/wp-content\/uploads\/2025\/07\/Image3-300x199.png 300w\" sizes=\"(max-width: 587px) 100vw, 587px\" \/><\/div>\n\t\t<\/a>\n\t\t\t\t<div class=\"elementor-post__text\">\n\t\t\t\t<h3 class=\"elementor-post__title\">\n\t\t\t<a href=\"https:\/\/fermesleader.invivo.app\/optimiser-pulverisation-magrowtec\/\">\n\t\t\t\tR\u00e9duire les pertes de pulv\u00e9risation en grandes cultures : comment la technologie MagrowTec optimise l\u2019efficacit\u00e9 des traitements et limite l\u2019impact environnemental\t\t\t<\/a>\n\t\t<\/h3>\n\t\t\t\t<div class=\"elementor-post__meta-data\">\n\t\t\t\t\t<span class=\"elementor-post-date\">\n\t\t\t15 juillet 2025\t\t<\/span>\n\t\t\t\t<\/div>\n\t\t\t\t<div class=\"elementor-post__excerpt\">\n\t\t\t<p>Dans le contexte agricole actuel, la r\u00e9duction des intrants phytosanitaires<\/p>\n\t\t<\/div>\n\t\t\t\t<\/div>\n\t\t\t\t<\/article>\n\t\t\t\t<article class=\"elementor-post elementor-grid-item post-3604 post type-post status-publish format-standard has-post-thumbnail hentry category-blog\" role=\"listitem\">\n\t\t\t\t<a class=\"elementor-post__thumbnail__link\" href=\"https:\/\/fermesleader.invivo.app\/openfield-2025-accelerer-la-transition-agroecologique-par-la-preuve\/\" tabindex=\"-1\">\n\t\t\t<div class=\"elementor-post__thumbnail\"><img loading=\"lazy\" decoding=\"async\" width=\"768\" height=\"576\" src=\"https:\/\/fermesleader.invivo.app\/wp-content\/uploads\/2025\/06\/IMG_7250.jpg\" class=\"attachment-medium_large size-medium_large wp-image-3608\" alt=\"openfield\" \/><\/div>\n\t\t<\/a>\n\t\t\t\t<div class=\"elementor-post__text\">\n\t\t\t\t<h3 class=\"elementor-post__title\">\n\t\t\t<a href=\"https:\/\/fermesleader.invivo.app\/openfield-2025-accelerer-la-transition-agroecologique-par-la-preuve\/\">\n\t\t\t\tOpenfield 2025 : L\u2019innovation agricole en action pour une transition agro\u00e9cologique concr\u00e8te\t\t\t<\/a>\n\t\t<\/h3>\n\t\t\t\t<div class=\"elementor-post__meta-data\">\n\t\t\t\t\t<span class=\"elementor-post-date\">\n\t\t\t13 juin 2025\t\t<\/span>\n\t\t\t\t<\/div>\n\t\t\t\t<div class=\"elementor-post__excerpt\">\n\t\t\t<p>Le 12 juin dernier, le programme Openfield, pilot\u00e9 par Agrosolutions<\/p>\n\t\t<\/div>\n\t\t\t\t<\/div>\n\t\t\t\t<\/article>\n\t\t\t\t<article class=\"elementor-post elementor-grid-item post-3471 post type-post status-publish format-standard has-post-thumbnail hentry category-blog\" role=\"listitem\">\n\t\t\t\t<a class=\"elementor-post__thumbnail__link\" href=\"https:\/\/fermesleader.invivo.app\/biologie-sols-transition-agroecologique-openfield\/\" tabindex=\"-1\">\n\t\t\t<div class=\"elementor-post__thumbnail\"><img loading=\"lazy\" decoding=\"async\" width=\"768\" height=\"462\" src=\"https:\/\/fermesleader.invivo.app\/wp-content\/uploads\/2025\/05\/Image-articles-768x462.png\" class=\"attachment-medium_large size-medium_large wp-image-3470\" alt=\"biologie des sols\" srcset=\"https:\/\/fermesleader.invivo.app\/wp-content\/uploads\/2025\/05\/Image-articles-768x462.png 768w, https:\/\/fermesleader.invivo.app\/wp-content\/uploads\/2025\/05\/Image-articles-300x181.png 300w, https:\/\/fermesleader.invivo.app\/wp-content\/uploads\/2025\/05\/Image-articles-1024x617.png 1024w, https:\/\/fermesleader.invivo.app\/wp-content\/uploads\/2025\/05\/Image-articles.png 1063w\" sizes=\"(max-width: 768px) 100vw, 768px\" \/><\/div>\n\t\t<\/a>\n\t\t\t\t<div class=\"elementor-post__text\">\n\t\t\t\t<h3 class=\"elementor-post__title\">\n\t\t\t<a href=\"https:\/\/fermesleader.invivo.app\/biologie-sols-transition-agroecologique-openfield\/\">\n\t\t\t\tAnalyser la biologie des sols : une cl\u00e9 pour acc\u00e9l\u00e9rer la transition agro\u00e9cologique\t\t\t<\/a>\n\t\t<\/h3>\n\t\t\t\t<div class=\"elementor-post__meta-data\">\n\t\t\t\t\t<span class=\"elementor-post-date\">\n\t\t\t3 juin 2025\t\t<\/span>\n\t\t\t\t<\/div>\n\t\t\t\t<div class=\"elementor-post__excerpt\">\n\t\t\t<p>Depuis plusieurs ann\u00e9es, la sant\u00e9 des sols s\u2019impose comme un<\/p>\n\t\t<\/div>\n\t\t\t\t<\/div>\n\t\t\t\t<\/article>\n\t\t\t\t<article class=\"elementor-post elementor-grid-item post-3570 post type-post status-publish format-standard has-post-thumbnail hentry category-blog\" role=\"listitem\">\n\t\t\t\t<a class=\"elementor-post__thumbnail__link\" href=\"https:\/\/fermesleader.invivo.app\/linnovation-agricole-en-france-2025\/\" tabindex=\"-1\">\n\t\t\t<div class=\"elementor-post__thumbnail\"><img loading=\"lazy\" decoding=\"async\" width=\"768\" height=\"462\" src=\"https:\/\/fermesleader.invivo.app\/wp-content\/uploads\/2025\/06\/Image-articles-1-768x462.png\" class=\"attachment-medium_large size-medium_large wp-image-3589\" alt=\"innovation aggricole cour des comptes\" srcset=\"https:\/\/fermesleader.invivo.app\/wp-content\/uploads\/2025\/06\/Image-articles-1-768x462.png 768w, https:\/\/fermesleader.invivo.app\/wp-content\/uploads\/2025\/06\/Image-articles-1-300x181.png 300w, https:\/\/fermesleader.invivo.app\/wp-content\/uploads\/2025\/06\/Image-articles-1-1024x617.png 1024w, https:\/\/fermesleader.invivo.app\/wp-content\/uploads\/2025\/06\/Image-articles-1.png 1063w\" sizes=\"(max-width: 768px) 100vw, 768px\" \/><\/div>\n\t\t<\/a>\n\t\t\t\t<div class=\"elementor-post__text\">\n\t\t\t\t<h3 class=\"elementor-post__title\">\n\t\t\t<a href=\"https:\/\/fermesleader.invivo.app\/linnovation-agricole-en-france-2025\/\">\n\t\t\t\tL\u2019innovation agricole en France : bilan et perspectives selon la Cour des comptes (f\u00e9vrier 2025)\t\t\t<\/a>\n\t\t<\/h3>\n\t\t\t\t<div class=\"elementor-post__meta-data\">\n\t\t\t\t\t<span class=\"elementor-post-date\">\n\t\t\t6 mai 2025\t\t<\/span>\n\t\t\t\t<\/div>\n\t\t\t\t<div class=\"elementor-post__excerpt\">\n\t\t\t<p>Un secteur strat\u00e9gique en mutation L\u2019agriculture fran\u00e7aise occupe une place<\/p>\n\t\t<\/div>\n\t\t\t\t<\/div>\n\t\t\t\t<\/article>\n\t\t\t\t<article class=\"elementor-post elementor-grid-item post-3392 post type-post status-publish format-standard has-post-thumbnail hentry category-blog\" role=\"listitem\">\n\t\t\t\t<a class=\"elementor-post__thumbnail__link\" href=\"https:\/\/fermesleader.invivo.app\/quel-avenir-pour-la-filiere-laitiere-en-2025\/\" tabindex=\"-1\">\n\t\t\t<div class=\"elementor-post__thumbnail\"><img loading=\"lazy\" decoding=\"async\" width=\"768\" height=\"462\" src=\"https:\/\/fermesleader.invivo.app\/wp-content\/uploads\/2025\/04\/Design-sans-titre-42-768x462.png\" class=\"attachment-medium_large size-medium_large wp-image-3441\" alt=\"\" srcset=\"https:\/\/fermesleader.invivo.app\/wp-content\/uploads\/2025\/04\/Design-sans-titre-42-768x462.png 768w, https:\/\/fermesleader.invivo.app\/wp-content\/uploads\/2025\/04\/Design-sans-titre-42-300x181.png 300w, https:\/\/fermesleader.invivo.app\/wp-content\/uploads\/2025\/04\/Design-sans-titre-42-1024x617.png 1024w, https:\/\/fermesleader.invivo.app\/wp-content\/uploads\/2025\/04\/Design-sans-titre-42.png 1063w\" sizes=\"(max-width: 768px) 100vw, 768px\" \/><\/div>\n\t\t<\/a>\n\t\t\t\t<div class=\"elementor-post__text\">\n\t\t\t\t<h3 class=\"elementor-post__title\">\n\t\t\t<a href=\"https:\/\/fermesleader.invivo.app\/quel-avenir-pour-la-filiere-laitiere-en-2025\/\">\n\t\t\t\tQuel avenir pour la fili\u00e8re laiti\u00e8re ? Enjeux, innovations et perspectives \u00e9conomiques pour 2025\t\t\t<\/a>\n\t\t<\/h3>\n\t\t\t\t<div class=\"elementor-post__meta-data\">\n\t\t\t\t\t<span class=\"elementor-post-date\">\n\t\t\t25 avril 2025\t\t<\/span>\n\t\t\t\t<\/div>\n\t\t\t\t<div class=\"elementor-post__excerpt\">\n\t\t\t<p>Le 3 avril dernier, la conf\u00e9rence Grand Angle Lait 2025,<\/p>\n\t\t<\/div>\n\t\t\t\t<\/div>\n\t\t\t\t<\/article>\n\t\t\t\t<article class=\"elementor-post elementor-grid-item post-3205 post type-post status-publish format-standard has-post-thumbnail hentry category-blog\" role=\"listitem\">\n\t\t\t\t<a class=\"elementor-post__thumbnail__link\" href=\"https:\/\/fermesleader.invivo.app\/renouvellement-generations-agricoles-france\/\" tabindex=\"-1\">\n\t\t\t<div class=\"elementor-post__thumbnail\"><img loading=\"lazy\" decoding=\"async\" width=\"768\" height=\"512\" src=\"https:\/\/fermesleader.invivo.app\/wp-content\/uploads\/2025\/04\/1-Chanac-enclos-11.jpg\" class=\"attachment-medium_large size-medium_large wp-image-3215\" alt=\"Eloi Chanac\" \/><\/div>\n\t\t<\/a>\n\t\t\t\t<div class=\"elementor-post__text\">\n\t\t\t\t<h3 class=\"elementor-post__title\">\n\t\t\t<a href=\"https:\/\/fermesleader.invivo.app\/renouvellement-generations-agricoles-france\/\">\n\t\t\t\tLe renouvellement des g\u00e9n\u00e9rations agricoles en France : Un d\u00e9fi crucial pour l\u2019avenir de l\u2019agriculture\t\t\t<\/a>\n\t\t<\/h3>\n\t\t\t\t<div class=\"elementor-post__meta-data\">\n\t\t\t\t\t<span class=\"elementor-post-date\">\n\t\t\t10 avril 2025\t\t<\/span>\n\t\t\t\t<\/div>\n\t\t\t\t<div class=\"elementor-post__excerpt\">\n\t\t\t<p>Le renouvellement des g\u00e9n\u00e9rations agricoles est l\u2019un des d\u00e9fis majeurs<\/p>\n\t\t<\/div>\n\t\t\t\t<\/div>\n\t\t\t\t<\/article>\n\t\t\t\t<article class=\"elementor-post elementor-grid-item post-3140 post type-post status-publish format-standard has-post-thumbnail hentry category-blog tag-ecosysteme-de-lagtech\" role=\"listitem\">\n\t\t\t\t<a class=\"elementor-post__thumbnail__link\" href=\"https:\/\/fermesleader.invivo.app\/agtech-francaise-2025-biosolutions\/\" tabindex=\"-1\">\n\t\t\t<div class=\"elementor-post__thumbnail\"><img loading=\"lazy\" decoding=\"async\" width=\"768\" height=\"462\" src=\"https:\/\/fermesleader.invivo.app\/wp-content\/uploads\/2025\/04\/Design-sans-titre-37-768x462.png\" class=\"attachment-medium_large size-medium_large wp-image-3159\" alt=\"agtech illustration\" srcset=\"https:\/\/fermesleader.invivo.app\/wp-content\/uploads\/2025\/04\/Design-sans-titre-37-768x462.png 768w, https:\/\/fermesleader.invivo.app\/wp-content\/uploads\/2025\/04\/Design-sans-titre-37-300x181.png 300w, https:\/\/fermesleader.invivo.app\/wp-content\/uploads\/2025\/04\/Design-sans-titre-37-1024x617.png 1024w, https:\/\/fermesleader.invivo.app\/wp-content\/uploads\/2025\/04\/Design-sans-titre-37.png 1063w\" sizes=\"(max-width: 768px) 100vw, 768px\" \/><\/div>\n\t\t<\/a>\n\t\t\t\t<div class=\"elementor-post__text\">\n\t\t\t\t<h3 class=\"elementor-post__title\">\n\t\t\t<a href=\"https:\/\/fermesleader.invivo.app\/agtech-francaise-2025-biosolutions\/\">\n\t\t\t\tAgTech fran\u00e7aise en 2025 : maturit\u00e9, rentabilit\u00e9 et essor des biosolutions\t\t\t<\/a>\n\t\t<\/h3>\n\t\t\t\t<div class=\"elementor-post__meta-data\">\n\t\t\t\t\t<span class=\"elementor-post-date\">\n\t\t\t1 avril 2025\t\t<\/span>\n\t\t\t\t<\/div>\n\t\t\t\t<div class=\"elementor-post__excerpt\">\n\t\t\t<p>Entre consolidation des acteurs et mont\u00e9e en puissance des biosolutions,<\/p>\n\t\t<\/div>\n\t\t\t\t<\/div>\n\t\t\t\t<\/article>\n\t\t\t\t<\/div>\n\t\t\n\t\t\t\t\t\t<\/div>\n\t\t\t\t<\/div>\n\t\t\t\t\t<\/div>\n\t\t\t\t<\/div>\n\t\t\t\t<\/div>\n\t\t\t\t<\/div>\n\t\t","protected":false},"excerpt":{"rendered":"<p>Rechercher Mot cl\u00e9s populaires Cat\u00e9gories Aucun r\u00e9sultat trouv\u00e9 Voir tous les r\u00e9sultats<\/p>\n","protected":false},"author":3,"featured_media":1559,"parent":165,"menu_order":0,"comment_status":"closed","ping_status":"closed","template":"","meta":{"footnotes":""},"class_list":["post-353","page","type-page","status-publish","has-post-thumbnail","hentry"],"_links":{"self":[{"href":"https:\/\/fermesleader.invivo.app\/fr\/wp-json\/wp\/v2\/pages\/353","targetHints":{"allow":["GET"]}}],"collection":[{"href":"https:\/\/fermesleader.invivo.app\/fr\/wp-json\/wp\/v2\/pages"}],"about":[{"href":"https:\/\/fermesleader.invivo.app\/fr\/wp-json\/wp\/v2\/types\/page"}],"author":[{"embeddable":true,"href":"https:\/\/fermesleader.invivo.app\/fr\/wp-json\/wp\/v2\/users\/3"}],"replies":[{"embeddable":true,"href":"https:\/\/fermesleader.invivo.app\/fr\/wp-json\/wp\/v2\/comments?post=353"}],"version-history":[{"count":0,"href":"https:\/\/fermesleader.invivo.app\/fr\/wp-json\/wp\/v2\/pages\/353\/revisions"}],"up":[{"embeddable":true,"href":"https:\/\/fermesleader.invivo.app\/fr\/wp-json\/wp\/v2\/pages\/165"}],"wp:featuredmedia":[{"embeddable":true,"href":"https:\/\/fermesleader.invivo.app\/fr\/wp-json\/wp\/v2\/media\/1559"}],"wp:attachment":[{"href":"https:\/\/fermesleader.invivo.app\/fr\/wp-json\/wp\/v2\/media?parent=353"}],"curies":[{"name":"wp","href":"https:\/\/api.w.org\/{rel}","templated":true}]}}